{"id":12134,"date":"2021-07-08T15:39:02","date_gmt":"2021-07-08T20:39:02","guid":{"rendered":"https:\/\/gonzaloriveralaguado.edu.co\/web\/?page_id=12134"},"modified":"2021-07-08T15:40:09","modified_gmt":"2021-07-08T20:40:09","slug":"circular-019","status":"publish","type":"page","link":"https:\/\/gonzaloriveralaguado.edu.co\/web\/circular-019\/","title":{"rendered":"CIRCULAR # 019"},"content":{"rendered":"<p><strong>CIRCULAR # 019<\/strong><\/p>\n<p>(jueves 8 de julio de 2021)<\/p>\n<p>DE: \u00a0\u00a0\u00a0\u00a0\u00a0\u00a0\u00a0\u00a0\u00a0\u00a0\u00a0\u00a0\u00a0\u00a0\u00a0\u00a0\u00a0\u00a0\u00a0\u00a0\u00a0\u00a0\u00a0 RECTORA.<\/p>\n<p>PARA:\u00a0\u00a0\u00a0\u00a0\u00a0\u00a0\u00a0\u00a0\u00a0\u00a0\u00a0\u00a0\u00a0\u00a0\u00a0\u00a0\u00a0\u00a0 <strong><em>PADRES DE FAMILIA Y ESTUDIANTES DE LA INSTITUCI\u00d3N.<\/em><\/strong><\/p>\n<p>ASUNTO:\u00a0\u00a0\u00a0\u00a0\u00a0\u00a0\u00a0\u00a0\u00a0\u00a0\u00a0 CONVOCATORIA Y DEMAS ORIENTACIONES<\/p>\n<p>Cordial saludo.<\/p>\n<p>De acuerdo a las orientaciones dadas por el Ministerio de Educaci\u00f3n Nacional (MEN) y la Secretar\u00eda de Educaci\u00f3n Municipal (SEM) a trav\u00e9s de la RESOLUCI\u00d3N # 777 del 2 de julio de 2021 del Ministerio de Salud y Protecci\u00f3n Social, al igual que la DIRECTIVA MINISTERIAL # 05 y la CIRCULAR # 061 de la SEM, los directivos docentes, docentes y administrativos debemos asistir de manera presencial en nuestra instituci\u00f3n, por lo tanto, se precisa lo siguiente:<\/p>\n<p><a href=\"https:\/\/gonzaloriveralaguado.edu.co\/web\/wp-content\/uploads\/2021\/07\/CIRCULAR-019.docx\">CIRCULAR # 019<\/a><\/p>\n<p>&nbsp;<\/p>\n","protected":false},"excerpt":{"rendered":"<p>CIRCULAR # 019 (jueves 8 de julio de 2021) DE: \u00a0\u00a0\u00a0\u00a0\u00a0\u00a0\u00a0\u00a0\u00a0\u00a0\u00a0\u00a0\u00a0\u00a0\u00a0\u00a0\u00a0\u00a0\u00a0\u00a0\u00a0\u00a0\u00a0 RECTORA. PARA:\u00a0\u00a0\u00a0\u00a0\u00a0\u00a0\u00a0\u00a0\u00a0\u00a0\u00a0\u00a0\u00a0\u00a0\u00a0\u00a0\u00a0\u00a0 PADRES DE FAMILIA Y ESTUDIANTES DE LA INSTITUCI\u00d3N. ASUNTO:\u00a0\u00a0\u00a0\u00a0\u00a0\u00a0\u00a0\u00a0\u00a0\u00a0\u00a0 CONVOCATORIA Y DEMAS ORIENTACIONES Cordial saludo. De acuerdo a las orientaciones dadas por el Ministerio de Educaci\u00f3n Nacional &hellip; <\/p>\n","protected":false},"author":9,"featured_media":0,"parent":0,"menu_order":0,"comment_status":"closed","ping_status":"closed","template":"","meta":{"footnotes":""},"class_list":["post-12134","page","type-page","status-publish","hentry"],"_links":{"self":[{"href":"https:\/\/gonzaloriveralaguado.edu.co\/web\/wp-json\/wp\/v2\/pages\/12134","targetHints":{"allow":["GET"]}}],"collection":[{"href":"https:\/\/gonzaloriveralaguado.edu.co\/web\/wp-json\/wp\/v2\/pages"}],"about":[{"href":"https:\/\/gonzaloriveralaguado.edu.co\/web\/wp-json\/wp\/v2\/types\/page"}],"author":[{"embeddable":true,"href":"https:\/\/gonzaloriveralaguado.edu.co\/web\/wp-json\/wp\/v2\/users\/9"}],"replies":[{"embeddable":true,"href":"https:\/\/gonzaloriveralaguado.edu.co\/web\/wp-json\/wp\/v2\/comments?post=12134"}],"version-history":[{"count":1,"href":"https:\/\/gonzaloriveralaguado.edu.co\/web\/wp-json\/wp\/v2\/pages\/12134\/revisions"}],"predecessor-version":[{"id":12136,"href":"https:\/\/gonzaloriveralaguado.edu.co\/web\/wp-json\/wp\/v2\/pages\/12134\/revisions\/12136"}],"wp:attachment":[{"href":"https:\/\/gonzaloriveralaguado.edu.co\/web\/wp-json\/wp\/v2\/media?parent=12134"}],"curies":[{"name":"wp","href":"https:\/\/api.w.org\/{rel}","templated":true}]}}